{"id":980,"date":"2020-09-28T23:32:25","date_gmt":"2020-09-28T21:32:25","guid":{"rendered":"http:\/\/www.ilkaraupach.de\/wp\/?page_id=980"},"modified":"2021-12-16T17:28:40","modified_gmt":"2021-12-16T16:28:40","slug":"ich-bin-es-nicht-ich-bins","status":"publish","type":"page","link":"http:\/\/www.ilkaraupach.de\/en\/ich-bin-es-nicht-ich-bins\/","title":{"rendered":"I am not it. It's me."},"content":{"rendered":"<figure class=\"wp-block-image size-large\"><img decoding=\"async\" loading=\"lazy\" width=\"1024\" height=\"683\" src=\"http:\/\/www.ilkaraupach.de\/wp\/wp-content\/uploads\/2020\/09\/Ilka_Raupach_ich_bin_es_nicht_ich_bins-1024x683.jpg\" alt=\"\" class=\"wp-image-983\"\/><\/figure>\n\n\n\n<p style=\"font-size:15px\"><em>I am not it. It's me.<\/em><br>2015, glass in an enamel bowl, 34 x 34 x 11 cm<\/p>\n\n\n\n<div style=\"height:20px\" aria-hidden=\"true\" class=\"wp-block-spacer\"><\/div>\n\n\n\n<figure class=\"wp-block-image size-large\"><img decoding=\"async\" loading=\"lazy\" width=\"1024\" height=\"358\" src=\"http:\/\/www.ilkaraupach.de\/wp\/wp-content\/uploads\/2020\/09\/Ilka_Raupach_snoevit-1024x358.jpg\" alt=\"\" class=\"wp-image-984\"\/><\/figure>\n\n\n\n<p style=\"font-size:15px\"><em>sn\u00f6vit dr\u00f6mmar<\/em><br>2004, sculpture and performance in ice from the River Torne in the ice-warehouse of ICEHOTEL at Jukkasja\u0308rvi, Sweden<br><br>Lying close together, the ice blocks form high piles in the ice-warehouse. Depending on the lighting conditions, they shine from lightly transparent to deep turquoise. They are giant blocks, about 2.2 by 0.8 by 0.9 meters, and they are crystal-clear. Sometimes frozen algae are found in the ice, and even frozen-again holes made by ice fishermen ... preserved traces and stories, stopped time. The ice lives, waiting until a year later, again to ow in the River Torne; sleeps, dreams, and is so beautiful, so pure. At the same time it is only water, only water. It is unbelievable, this place, this giant sleeping station, and I am fascinated again and again. I wish I could climb up into the empty spaces to see more of the play of lights. Who knows, which stories lay hidden here? I want to feel the ice with all my pores, to be part of it for a moment. <br>\nI dig into a at lying ice block; make an opening the size of my body. Then I undress, get inside, lay down on the ice, remaining quiet, dreaming ... a moment of downtime, timeless. But I am alive; wake up again, step out, and get dressed again. The ice melted under the warming pressure of my body; my hair stuck together with ice water. A tender print remains behind, to remind of the happening. <br>\nLater we brought this container out to the river. It will be filled again by the falling snow or maybe someone will do that soon. <br>I dig into a at lying ice block; make an opening the size of my body. Then I undress, get inside, lay down on the ice, remaining quiet, dreaming ... a moment of downtime, timeless. But I am alive; wake up again, step out, and get dressed again. The ice melted under the warming pressure of my body; my hair stuck together with ice water. A tender print remains behind, to remind of the happening. <br>Later we brought this container out to the river. It will be filled again by the falling snow or maybe someone will do that soon.<\/p>\n\n\n\n<div style=\"height:20px\" aria-hidden=\"true\" class=\"wp-block-spacer\"><\/div>\n\n\n\n<figure class=\"wp-block-image size-large\"><img decoding=\"async\" loading=\"lazy\" width=\"1024\" height=\"683\" src=\"http:\/\/www.ilkaraupach.de\/wp\/wp-content\/uploads\/2020\/09\/Ilka_Raupach_wenn_ich_nur_lang_und_tief_genug_grabe-1024x683.jpg\" alt=\"\" class=\"wp-image-985\"\/><\/figure>\n\n\n\n<p style=\"font-size:15px\"><em>if I dig just long and deep enough \u2026<\/em><br>2016, paper, wire, 2 x circa 180 x 140 x 25 cm<\/p>\n\n\n\n<p style=\"font-size:15px\">My hands are indispensable tools for me. However, to achieve my goal and work more efficiently, I have put on body extensions. My huge shovel arms are like two opposites to me. Guiding them is unusually strange and difficult. The fragile, delicate materiality does not allow digging in anything hard and leads to the absurd.<\/p>\n\n\n\n<div style=\"height:20px\" aria-hidden=\"true\" class=\"wp-block-spacer\"><\/div>\n\n\n\n<figure class=\"wp-block-image size-large\"><img decoding=\"async\" loading=\"lazy\" width=\"1024\" height=\"683\" src=\"http:\/\/www.ilkaraupach.de\/wp\/wp-content\/uploads\/2020\/09\/Ilka_Raupach_Eigenzeit-1024x683.jpg\" alt=\"\" class=\"wp-image-982\"\/><\/figure>\n\n\n\n<p style=\"font-size:15px\"><em>My own time<\/em><br>2014, enamel, Cu, Ag, 80 cm long<br><br>Through the movements of the wearer of the necklace, the various clock faces take on different movements and arrangements. Thus they offer information about the wearer concerning his subjective feelings about time.<\/p>\n\n\n\n<div style=\"height:20px\" aria-hidden=\"true\" class=\"wp-block-spacer\"><\/div>\n\n\n\n<figure class=\"wp-block-image size-large is-style-default\"><img decoding=\"async\" loading=\"lazy\" width=\"1024\" height=\"681\" src=\"http:\/\/www.ilkaraupach.de\/wp\/wp-content\/uploads\/2020\/10\/Ilka_Raupach_dolorosa.jpg\" alt=\"\" class=\"wp-image-1122\" srcset=\"http:\/\/www.ilkaraupach.de\/wp\/wp-content\/uploads\/2020\/10\/Ilka_Raupach_dolorosa.jpg 1024w, http:\/\/www.ilkaraupach.de\/wp\/wp-content\/uploads\/2020\/10\/Ilka_Raupach_dolorosa-300x200.jpg 300w, http:\/\/www.ilkaraupach.de\/wp\/wp-content\/uploads\/2020\/10\/Ilka_Raupach_dolorosa-768x511.jpg 768w\" sizes=\"(max-width: 767px) 89vw, (max-width: 1000px) 54vw, (max-width: 1071px) 543px, 580px\" \/><\/figure>\n\n\n\n<p style=\"font-size:15px\"><em>for a Sleeping Beauty<br><\/em>2008, Spektrale 3, Correctional facility\nin Luckau, three dresses, braided blackberry tendrils<br><br>Showing my thorns,<br>for protection and yet, in my own pain,<br>so that I can turn inward in calm concentration.<\/p>\n\n\n\n<figure class=\"wp-block-table aligncenter\"><table><tbody><tr><td><br><br><br><a href=\"http:\/\/www.ilkaraupach.de\/en\/wp\/sao-paulo\/\">&lt;&lt;<\/a><br><br><br><br><\/td><td class=\"has-text-align-center\" data-align=\"center\">       <a href=\"http:\/\/www.ilkaraupach.de\/en\/wp\/werke\/\">works <\/a>      <\/td><td><a href=\"http:\/\/www.ilkaraupach.de\/en\/wp\/schneetreiben\/\">&gt;&gt;<\/a><\/td><\/tr><\/tbody><\/table><\/figure>","protected":false},"excerpt":{"rendered":"<p>Ich bin es nicht, ich bin&#8217;s.2015, Glas und Emailsch\u00fcssel, 34 x 34 x 11 cm sn\u00f6vit dr\u00f6mmar2004, Skulptur und Performance im Gefrierhaus ICEHOTEL Jukkasj\u00e4rvi, Schweden, Eis aus dem Fluss Torne Dicht nebeneinander gestapelt, t\u00fcrmen sich die Eisbl\u00f6cke im Gefrierhaus in die H\u00f6he. Je nach Lichteinfall leuchten sie von hell transparent bis tief t\u00fcrkis. Es sind &hellip; <\/p>\n<p class=\"link-more\"><a href=\"http:\/\/www.ilkaraupach.de\/en\/ich-bin-es-nicht-ich-bins\/\" class=\"more-link\">Continue reading<span class=\"screen-reader-text\"> &#8222;Ich bin es nicht. Ich bin&#8217;s.&#8220;<\/span><\/a><\/p>","protected":false},"author":1,"featured_media":0,"parent":0,"menu_order":0,"comment_status":"closed","ping_status":"closed","template":"","meta":[],"_links":{"self":[{"href":"http:\/\/www.ilkaraupach.de\/en\/wp-json\/wp\/v2\/pages\/980"}],"collection":[{"href":"http:\/\/www.ilkaraupach.de\/en\/wp-json\/wp\/v2\/pages"}],"about":[{"href":"http:\/\/www.ilkaraupach.de\/en\/wp-json\/wp\/v2\/types\/page"}],"author":[{"embeddable":true,"href":"http:\/\/www.ilkaraupach.de\/en\/wp-json\/wp\/v2\/users\/1"}],"replies":[{"embeddable":true,"href":"http:\/\/www.ilkaraupach.de\/en\/wp-json\/wp\/v2\/comments?post=980"}],"version-history":[{"count":13,"href":"http:\/\/www.ilkaraupach.de\/en\/wp-json\/wp\/v2\/pages\/980\/revisions"}],"predecessor-version":[{"id":1509,"href":"http:\/\/www.ilkaraupach.de\/en\/wp-json\/wp\/v2\/pages\/980\/revisions\/1509"}],"wp:attachment":[{"href":"http:\/\/www.ilkaraupach.de\/en\/wp-json\/wp\/v2\/media?parent=980"}],"curies":[{"name":"wp","href":"https:\/\/api.w.org\/{rel}","templated":true}]}}