{"id":868,"date":"2020-09-27T19:56:27","date_gmt":"2020-09-27T17:56:27","guid":{"rendered":"http:\/\/www.ilkaraupach.de\/wp\/?page_id=868"},"modified":"2022-07-15T21:05:06","modified_gmt":"2022-07-15T19:05:06","slug":"siedlung","status":"publish","type":"page","link":"http:\/\/www.ilkaraupach.de\/en\/siedlung\/","title":{"rendered":"Settlement"},"content":{"rendered":"<figure class=\"wp-block-image size-large\"><img decoding=\"async\" loading=\"lazy\" width=\"1024\" height=\"683\" src=\"http:\/\/www.ilkaraupach.de\/wp\/wp-content\/uploads\/2020\/09\/Ilka_Raupach_luebbenau-1024x683.jpg\" alt=\"\" class=\"wp-image-820\"\/><\/figure>\n\n\n\n<div style=\"height:20px\" aria-hidden=\"true\" class=\"wp-block-spacer\"><\/div>\n\n\n\n<figure class=\"wp-block-image size-large\"><img decoding=\"async\" loading=\"lazy\" width=\"1024\" height=\"683\" src=\"http:\/\/www.ilkaraupach.de\/wp\/wp-content\/uploads\/2020\/09\/Ilka_Raupach_siedlung_lu\u0308bbenau_1-1024x683.jpg\" alt=\"\" class=\"wp-image-887\"\/><\/figure>\n\n\n\n<p style=\"font-size:15px\"><em>sydli\u0161\u0107o (Sorbian for settlement)<\/em><br>2017, SPREEWALDATELIER L\u00fcbbenau,  oakwood, 240 x 120 x 100 cm <br><em><br><\/em>Sorbian - a language and culture that is disappearing ... just like entire landscapes and places in this region are disappearing (open-pit coal mining) and reappearing in other places ...<\/p>\n\n\n\n<div style=\"height:20px\" aria-hidden=\"true\" class=\"wp-block-spacer\"><\/div>\n\n\n\n<figure class=\"wp-block-image size-large\"><img decoding=\"async\" loading=\"lazy\" width=\"1024\" height=\"683\" src=\"http:\/\/www.ilkaraupach.de\/wp\/wp-content\/uploads\/2020\/09\/Ilka_Raupach_Siedlung-1024x683.jpg\" alt=\"\" class=\"wp-image-872\"\/><\/figure>\n\n\n\n<p style=\"font-size:15px\"><em>Settlement<\/em><br>2017, oak wood, 60 x 50 x 25 cm<br><br>Grown structures and people\u2018s relationships shape the microcosm of a settlement in a very small space. This constantly changes its appearance on all sides by moving in, moving out, re-building, decay, destruction and filling of gaps. Additionally, global decisions and external in uences also make an impact. The interplay of internal and external processes gives each settlement its unique history and configuration.<\/p>\n\n\n\n<div style=\"height:20px\" aria-hidden=\"true\" class=\"wp-block-spacer\"><\/div>\n\n\n\n<figure class=\"wp-block-image size-large\"><img decoding=\"async\" loading=\"lazy\" width=\"1024\" height=\"768\" src=\"http:\/\/www.ilkaraupach.de\/wp\/wp-content\/uploads\/2020\/09\/Ilka_Raupach_ishav-1024x768.jpg\" alt=\"\" class=\"wp-image-871\"\/><\/figure>\n\n\n\n<p style=\"font-size:15px\"><em>Ishav \/ Arctic Ocean<br><\/em>2013-2015, glass, 40 x 30 x 20 cm<br><br>An Arctic archipelago ... an iceberg or a settlement, doomed to go under due to the rising sea level, burst, falling apart, vanishing.&nbsp;<\/p>\n\n\n\n<div style=\"height:20px\" aria-hidden=\"true\" class=\"wp-block-spacer\"><\/div>\n\n\n\n<figure class=\"wp-block-image size-large is-style-default\"><img decoding=\"async\" loading=\"lazy\" width=\"1024\" height=\"683\" src=\"http:\/\/www.ilkaraupach.de\/wp\/wp-content\/uploads\/2021\/01\/Ilka_Raupach_OPEN_HOUSE-1024x683.jpg\" alt=\"\" class=\"wp-image-1339\" srcset=\"http:\/\/www.ilkaraupach.de\/wp\/wp-content\/uploads\/2021\/01\/Ilka_Raupach_OPEN_HOUSE-1024x683.jpg 1024w, http:\/\/www.ilkaraupach.de\/wp\/wp-content\/uploads\/2021\/01\/Ilka_Raupach_OPEN_HOUSE-300x200.jpg 300w, http:\/\/www.ilkaraupach.de\/wp\/wp-content\/uploads\/2021\/01\/Ilka_Raupach_OPEN_HOUSE-768x512.jpg 768w, http:\/\/www.ilkaraupach.de\/wp\/wp-content\/uploads\/2021\/01\/Ilka_Raupach_OPEN_HOUSE.jpg 1200w\" sizes=\"(max-width: 767px) 89vw, (max-width: 1000px) 54vw, (max-width: 1071px) 543px, 580px\" \/><\/figure>\n\n\n\n<p style=\"font-size:15px\"><em>OPEN HOUSE<\/em><br>2017, installation made of straw and plywood<\/p>\n\n\n\n<p style=\"font-size:15px\">In the middle of my hometown of Caputh on the Havel, an unfolded archetypal house shape made of straw and wood was created - a temporary, interactive and open space for thoughts and encounters.<br><br><a rel=\"noreferrer noopener\" href=\"http:\/\/www.ilkaraupach.de\/wp\/wp-content\/uploads\/2020\/09\/Ilka_Raupach_OPEN_HOUSE.pdf\" target=\"_blank\">OPEN HOUSE, Caputh 2017 PDF<\/a><\/p>\n\n\n\n<figure class=\"wp-block-table aligncenter\"><table><tbody><tr><td><br><br><br><a href=\"http:\/\/www.ilkaraupach.de\/en\/wp\/was-vom-grossen-ubrig-blieb\/\">&lt;&lt;<\/a><a href=\"http:\/\/www.ilkaraupach.de\/en\/wp\/aufgebrochen\/\"><br><\/a><br><br><br><\/td><td class=\"has-text-align-center\" data-align=\"center\">  <a href=\"http:\/\/www.ilkaraupach.de\/en\/wp\/werke\/\">works<\/a>  <\/td><td><a href=\"http:\/\/www.ilkaraupach.de\/en\/wp\/wanderlust-2\/\">&gt;&gt;<\/a><\/td><\/tr><\/tbody><\/table><\/figure>","protected":false},"excerpt":{"rendered":"<p>sydli\u0161\u0107o (sorbisch Siedlung)2017, SPREEWALDATELIER L\u00fcbbenau, Eichenholz gewei\u00dft, 240 x 120 x 100 cm Sorbisch &#8211; eine Sprache und Kultur, die am verschwinden ist \u2026 genauso wie ganze Landschaften und Orte dieser Region verschwinden (Kohletagebau) und anderorts wieder auftauchen &#8230; Siedlung2017, Eichenholz gewei\u00dft, 60 x 50 x 25 cm Gewachsene Strukturen und die Beziehungen der Menschen &hellip; <\/p>\n<p class=\"link-more\"><a href=\"http:\/\/www.ilkaraupach.de\/en\/siedlung\/\" class=\"more-link\">Continue reading<span class=\"screen-reader-text\"> &#8222;Siedlung&#8220;<\/span><\/a><\/p>","protected":false},"author":1,"featured_media":0,"parent":0,"menu_order":0,"comment_status":"closed","ping_status":"closed","template":"","meta":[],"_links":{"self":[{"href":"http:\/\/www.ilkaraupach.de\/en\/wp-json\/wp\/v2\/pages\/868"}],"collection":[{"href":"http:\/\/www.ilkaraupach.de\/en\/wp-json\/wp\/v2\/pages"}],"about":[{"href":"http:\/\/www.ilkaraupach.de\/en\/wp-json\/wp\/v2\/types\/page"}],"author":[{"embeddable":true,"href":"http:\/\/www.ilkaraupach.de\/en\/wp-json\/wp\/v2\/users\/1"}],"replies":[{"embeddable":true,"href":"http:\/\/www.ilkaraupach.de\/en\/wp-json\/wp\/v2\/comments?post=868"}],"version-history":[{"count":20,"href":"http:\/\/www.ilkaraupach.de\/en\/wp-json\/wp\/v2\/pages\/868\/revisions"}],"predecessor-version":[{"id":1791,"href":"http:\/\/www.ilkaraupach.de\/en\/wp-json\/wp\/v2\/pages\/868\/revisions\/1791"}],"wp:attachment":[{"href":"http:\/\/www.ilkaraupach.de\/en\/wp-json\/wp\/v2\/media?parent=868"}],"curies":[{"name":"wp","href":"https:\/\/api.w.org\/{rel}","templated":true}]}}