{"id":741,"date":"2020-09-27T15:47:28","date_gmt":"2020-09-27T13:47:28","guid":{"rendered":"http:\/\/www.ilkaraupach.de\/wp\/?page_id=741"},"modified":"2025-02-09T18:07:42","modified_gmt":"2025-02-09T17:07:42","slug":"ype","status":"publish","type":"page","link":"http:\/\/www.ilkaraupach.de\/en\/ype\/","title":{"rendered":"Ype"},"content":{"rendered":"<div class=\"wp-block-image\">\n<figure class=\"aligncenter size-full is-resized\"><img decoding=\"async\" loading=\"lazy\" src=\"http:\/\/www.ilkaraupach.de\/wp\/wp-content\/uploads\/2020\/09\/Ilka_Raupach_ype_collage-e1601584716676.jpg\" alt=\"\" class=\"wp-image-740\" width=\"461\" height=\"768\"\/><\/figure><\/div>\n\n\n<p><\/p>\n\n\n\n<p style=\"font-size:15px\"><em>Ype<br><\/em>2020, collage, silk paper, ink, paste, 150 x 91 cm<\/p>\n\n\n\n<div style=\"height:20px\" aria-hidden=\"true\" class=\"wp-block-spacer\"><\/div>\n\n\n\n<figure class=\"wp-block-image size-large\"><img decoding=\"async\" loading=\"lazy\" width=\"1024\" height=\"683\" src=\"http:\/\/www.ilkaraupach.de\/wp\/wp-content\/uploads\/2020\/09\/Ilka_Raupach_ype_3-1024x683.jpg\" alt=\"\" class=\"wp-image-739\"\/><\/figure>\n\n\n\n<p style=\"font-size:15px\"><em>Ype<br><\/em>2019, robinia wood, 3 x circa 65 x 40 x 35 cm<\/p>\n\n\n\n<div style=\"height:20px\" aria-hidden=\"true\" class=\"wp-block-spacer\"><\/div>\n\n\n\n<figure class=\"wp-block-image size-large\"><img decoding=\"async\" loading=\"lazy\" width=\"1024\" height=\"683\" src=\"http:\/\/www.ilkaraupach.de\/wp\/wp-content\/uploads\/2020\/09\/Ilka_Raupach_bromelie-1024x683.jpg\" alt=\"\" class=\"wp-image-736\"\/><\/figure>\n\n\n\n<p style=\"font-size:15px\"><em>Bromeliad<br><\/em>2019, oak wood, 90 x 30 x 30 cm<\/p>\n\n\n\n<div style=\"height:20px\" aria-hidden=\"true\" class=\"wp-block-spacer\"><\/div>\n\n\n\n<figure class=\"wp-block-image size-large\"><img decoding=\"async\" loading=\"lazy\" width=\"1024\" height=\"683\" src=\"http:\/\/www.ilkaraupach.de\/wp\/wp-content\/uploads\/2020\/09\/Ilka_Raupach_Dorn-1-1024x683.jpg\" alt=\"\" class=\"wp-image-993\"\/><\/figure>\n\n\n\n<p style=\"font-size:15px\"><em>Thorn<br><\/em>2016, ash wood, \u00a095 x 40 x 40 cm<\/p>\n\n\n\n<div style=\"height:20px\" aria-hidden=\"true\" class=\"wp-block-spacer\"><\/div>\n\n\n<div class=\"wp-block-image aligncenter\">\n<figure class=\"size-full is-resized\"><img decoding=\"async\" loading=\"lazy\" src=\"http:\/\/www.ilkaraupach.de\/wp\/wp-content\/uploads\/2020\/09\/Ilka_Raupach_pata_de_vaca-e1601584589375.jpg\" alt=\"\" class=\"wp-image-783\" width=\"452\" height=\"768\"\/><\/figure><\/div>\n\n\n<p style=\"font-size:15px\"><em>pata de vaca<br><\/em>2016, copper beech, 5 x circa 50 x 40 x 30 cm, 6 x circa 35 x 25 x 20 cm<\/p>\n\n\n\n<div style=\"height:20px\" aria-hidden=\"true\" class=\"wp-block-spacer\"><\/div>\n\n\n\n<figure class=\"wp-block-image size-large is-style-default\"><img decoding=\"async\" loading=\"lazy\" width=\"1000\" height=\"800\" src=\"http:\/\/www.ilkaraupach.de\/wp\/wp-content\/uploads\/2020\/10\/Ilka_Raupach_Pata_810.jpg\" alt=\"\" class=\"wp-image-1080\" srcset=\"http:\/\/www.ilkaraupach.de\/wp\/wp-content\/uploads\/2020\/10\/Ilka_Raupach_Pata_810.jpg 1000w, http:\/\/www.ilkaraupach.de\/wp\/wp-content\/uploads\/2020\/10\/Ilka_Raupach_Pata_810-300x240.jpg 300w, http:\/\/www.ilkaraupach.de\/wp\/wp-content\/uploads\/2020\/10\/Ilka_Raupach_Pata_810-768x614.jpg 768w\" sizes=\"(max-width: 767px) 89vw, (max-width: 1000px) 54vw, (max-width: 1071px) 543px, 580px\" \/><\/figure>\n\n\n\n<figure class=\"wp-block-table aligncenter\"><table><tbody><tr><td><br><br><br><a href=\"http:\/\/www.ilkaraupach.de\/en\/wp\/wanderlust-2\/\">&lt;&lt;<\/a><a href=\"http:\/\/www.ilkaraupach.de\/en\/wp\/aufgebrochen\/\"><br><\/a><br><br><br><\/td><td class=\"has-text-align-center\" data-align=\"center\">  <a href=\"http:\/\/www.ilkaraupach.de\/en\/wp\/werke\/\">works<\/a>  <\/td><td><a href=\"http:\/\/www.ilkaraupach.de\/en\/wp\/schnee\/\">&gt;&gt;<\/a><\/td><\/tr><\/tbody><\/table><\/figure>","protected":false},"excerpt":{"rendered":"<p>Ype2020, Collage, Seidenpapier, Tinte, Kleister, 150 x 91 cm Ype2019, Robinienholz gewei\u00dft, 3 x circa 65 x 40 x 35 cm Bromelie2019, Eichenholz gewei\u00dft, 90 x 30 x 30 cm Dorn2016, Eschenholz gewei\u00dft, &nbsp;95 x 40 x 40 cm pata de vaca2016, Blutbuchenholz geflammt, 5 x circa 50 x 40 x 30 cm, 6 x &hellip; <\/p>\n<p class=\"link-more\"><a href=\"http:\/\/www.ilkaraupach.de\/en\/ype\/\" class=\"more-link\">Continue reading<span class=\"screen-reader-text\"> &#8222;Ype&#8220;<\/span><\/a><\/p>","protected":false},"author":1,"featured_media":0,"parent":0,"menu_order":0,"comment_status":"closed","ping_status":"closed","template":"","meta":[],"_links":{"self":[{"href":"http:\/\/www.ilkaraupach.de\/en\/wp-json\/wp\/v2\/pages\/741"}],"collection":[{"href":"http:\/\/www.ilkaraupach.de\/en\/wp-json\/wp\/v2\/pages"}],"about":[{"href":"http:\/\/www.ilkaraupach.de\/en\/wp-json\/wp\/v2\/types\/page"}],"author":[{"embeddable":true,"href":"http:\/\/www.ilkaraupach.de\/en\/wp-json\/wp\/v2\/users\/1"}],"replies":[{"embeddable":true,"href":"http:\/\/www.ilkaraupach.de\/en\/wp-json\/wp\/v2\/comments?post=741"}],"version-history":[{"count":32,"href":"http:\/\/www.ilkaraupach.de\/en\/wp-json\/wp\/v2\/pages\/741\/revisions"}],"predecessor-version":[{"id":2305,"href":"http:\/\/www.ilkaraupach.de\/en\/wp-json\/wp\/v2\/pages\/741\/revisions\/2305"}],"wp:attachment":[{"href":"http:\/\/www.ilkaraupach.de\/en\/wp-json\/wp\/v2\/media?parent=741"}],"curies":[{"name":"wp","href":"https:\/\/api.w.org\/{rel}","templated":true}]}}