{"id":379,"date":"2020-09-19T14:19:58","date_gmt":"2020-09-19T12:19:58","guid":{"rendered":"http:\/\/www.ilkaraupach.de\/wp\/?page_id=379"},"modified":"2022-07-15T21:15:50","modified_gmt":"2022-07-15T19:15:50","slug":"wanderlust-2","status":"publish","type":"page","link":"http:\/\/www.ilkaraupach.de\/en\/wanderlust-2\/","title":{"rendered":"Wanderlust"},"content":{"rendered":"<figure class=\"wp-block-image size-large\"><img decoding=\"async\" loading=\"lazy\" width=\"1024\" height=\"836\" src=\"http:\/\/www.ilkaraupach.de\/wp\/wp-content\/uploads\/2020\/09\/Ilka_Raupach_Wanderlust_I-3-1024x836.jpg\" alt=\"\" class=\"wp-image-298\"\/><\/figure>\n\n\n\n<p style=\"font-size:15px\"><em>Wanderlust I-XX<br><\/em>2020-2022, collage, silk paper, ink, paste, 28 x 23 cm<br><br>Schicht f\u00fcr Schicht<br>entstehen bisher unbekannte Landschaften.<br>Ich bin versunken in die Gr\u00fcnde und Oberfl\u00e4chen<br>und was dazwischen liegt.<br>Ich wandere.<\/p>\n\n\n\n<div style=\"height:20px\" aria-hidden=\"true\" class=\"wp-block-spacer\"><\/div>\n\n\n\n<figure class=\"wp-block-image size-large\"><img decoding=\"async\" loading=\"lazy\" width=\"1024\" height=\"836\" src=\"http:\/\/www.ilkaraupach.de\/wp\/wp-content\/uploads\/2020\/09\/Ilka_Raupach_Wanderlust_II-3-1024x836.jpg\" alt=\"\" class=\"wp-image-299\"\/><\/figure>\n\n\n\n<div style=\"height:20px\" aria-hidden=\"true\" class=\"wp-block-spacer\"><\/div>\n\n\n\n<figure class=\"wp-block-image size-large\"><img decoding=\"async\" loading=\"lazy\" width=\"1024\" height=\"836\" src=\"http:\/\/www.ilkaraupach.de\/wp\/wp-content\/uploads\/2020\/09\/Ilka_Raupach_Wanderlust_III-2-1024x836.jpg\" alt=\"\" class=\"wp-image-296\"\/><\/figure>\n\n\n\n<div style=\"height:20px\" aria-hidden=\"true\" class=\"wp-block-spacer\"><\/div>\n\n\n\n<figure class=\"wp-block-image size-large\"><img decoding=\"async\" loading=\"lazy\" width=\"1024\" height=\"836\" src=\"http:\/\/www.ilkaraupach.de\/wp\/wp-content\/uploads\/2020\/09\/Ilka_Raupach_Wanderlust_IV-1-1024x836.jpg\" alt=\"\" class=\"wp-image-276\"\/><\/figure>\n\n\n\n<div style=\"height:20px\" aria-hidden=\"true\" class=\"wp-block-spacer\"><\/div>\n\n\n\n<figure class=\"wp-block-image size-large is-style-default\"><img decoding=\"async\" loading=\"lazy\" width=\"1024\" height=\"819\" src=\"http:\/\/www.ilkaraupach.de\/wp\/wp-content\/uploads\/2020\/10\/Ilka_Raupach_was_vom_Grossen_uebrig_blieb_1_810-1024x819.jpg\" alt=\"\" class=\"wp-image-1085\" srcset=\"http:\/\/www.ilkaraupach.de\/wp\/wp-content\/uploads\/2020\/10\/Ilka_Raupach_was_vom_Grossen_uebrig_blieb_1_810-1024x819.jpg 1024w, http:\/\/www.ilkaraupach.de\/wp\/wp-content\/uploads\/2020\/10\/Ilka_Raupach_was_vom_Grossen_uebrig_blieb_1_810-300x240.jpg 300w, http:\/\/www.ilkaraupach.de\/wp\/wp-content\/uploads\/2020\/10\/Ilka_Raupach_was_vom_Grossen_uebrig_blieb_1_810-768x614.jpg 768w, http:\/\/www.ilkaraupach.de\/wp\/wp-content\/uploads\/2020\/10\/Ilka_Raupach_was_vom_Grossen_uebrig_blieb_1_810.jpg 1200w\" sizes=\"(max-width: 767px) 89vw, (max-width: 1000px) 54vw, (max-width: 1071px) 543px, 580px\" \/><\/figure>\n\n\n\n<div style=\"height:20px\" aria-hidden=\"true\" class=\"wp-block-spacer\"><\/div>\n\n\n\n<figure class=\"wp-block-image size-large is-style-default\"><img decoding=\"async\" loading=\"lazy\" width=\"1024\" height=\"836\" src=\"http:\/\/www.ilkaraupach.de\/wp\/wp-content\/uploads\/2020\/09\/Ilka_Raupach_was_vom_grossen_uebrig_blieb_2-1024x836.jpg\" alt=\"\" class=\"wp-image-681\"\/><\/figure>\n\n\n\n<div style=\"height:20px\" aria-hidden=\"true\" class=\"wp-block-spacer\"><\/div>\n\n\n\n<figure class=\"wp-block-image size-large is-style-default\"><img decoding=\"async\" loading=\"lazy\" width=\"1024\" height=\"836\" src=\"http:\/\/www.ilkaraupach.de\/wp\/wp-content\/uploads\/2020\/09\/Ilka_Raupach_was_vom_Grossen_uebrig_blieb_3-1024x836.jpg\" alt=\"\" class=\"wp-image-682\"\/><\/figure>\n\n\n\n<div style=\"height:20px\" aria-hidden=\"true\" class=\"wp-block-spacer\"><\/div>\n\n\n\n<figure class=\"wp-block-image size-large is-style-default\"><img decoding=\"async\" loading=\"lazy\" width=\"1024\" height=\"836\" src=\"http:\/\/www.ilkaraupach.de\/wp\/wp-content\/uploads\/2020\/09\/Ilka_Raupach_was_vom_Grossen_uebrig_blieb_4-1024x836.jpg\" alt=\"\" class=\"wp-image-683\"\/><\/figure>\n\n\n\n<div style=\"height:20px\" aria-hidden=\"true\" class=\"wp-block-spacer\"><\/div>\n\n\n\n<div style=\"height:20px\" aria-hidden=\"true\" class=\"wp-block-spacer\"><\/div>\n\n\n\n<figure class=\"wp-block-image size-large is-style-default\"><img decoding=\"async\" loading=\"lazy\" width=\"1024\" height=\"836\" src=\"http:\/\/www.ilkaraupach.de\/wp\/wp-content\/uploads\/2020\/09\/Ilka_Raupach_was_vom_Grossen_uebrig_blieb_5-1024x836.jpg\" alt=\"\" class=\"wp-image-684\"\/><\/figure>\n\n\n\n<div style=\"height:20px\" aria-hidden=\"true\" class=\"wp-block-spacer\"><\/div>\n\n\n\n<figure class=\"wp-block-image size-large is-style-default\"><img decoding=\"async\" loading=\"lazy\" width=\"1024\" height=\"836\" src=\"http:\/\/www.ilkaraupach.de\/wp\/wp-content\/uploads\/2020\/09\/Ilka_Raupach_was_vom_Grossen_uebrig_blieb_6-1024x836.jpg\" alt=\"\" class=\"wp-image-685\"\/><\/figure>\n\n\n\n<div style=\"height:20px\" aria-hidden=\"true\" class=\"wp-block-spacer\"><\/div>\n\n\n\n<figure class=\"wp-block-image size-large is-style-default\"><img decoding=\"async\" loading=\"lazy\" width=\"1024\" height=\"836\" src=\"http:\/\/www.ilkaraupach.de\/wp\/wp-content\/uploads\/2020\/09\/Ilka_Raupach_was_vom_Grossen_uebrig_blieb_7-1024x836.jpg\" alt=\"\" class=\"wp-image-686\"\/><\/figure>\n\n\n\n<div style=\"height:20px\" aria-hidden=\"true\" class=\"wp-block-spacer\"><\/div>\n\n\n\n<figure class=\"wp-block-image size-large is-style-default\"><img decoding=\"async\" loading=\"lazy\" width=\"1024\" height=\"836\" src=\"http:\/\/www.ilkaraupach.de\/wp\/wp-content\/uploads\/2020\/09\/Ilka_Raupach_was_vom_Grossen_uebrig_blieb_8-1024x836.jpg\" alt=\"\" class=\"wp-image-687\"\/><\/figure>\n\n\n\n<div style=\"height:20px\" aria-hidden=\"true\" class=\"wp-block-spacer\"><\/div>\n\n\n\n<figure class=\"wp-block-image size-large is-style-default\"><img decoding=\"async\" loading=\"lazy\" width=\"1024\" height=\"836\" src=\"http:\/\/www.ilkaraupach.de\/wp\/wp-content\/uploads\/2020\/09\/Ilka_Raupach_was_vom_Grossen_uebrig_blieb_9-1024x836.jpg\" alt=\"\" class=\"wp-image-688\"\/><\/figure>\n\n\n\n<div style=\"height:20px\" aria-hidden=\"true\" class=\"wp-block-spacer\"><\/div>\n\n\n\n<figure class=\"wp-block-image size-large is-style-default\"><img decoding=\"async\" loading=\"lazy\" width=\"1024\" height=\"836\" src=\"http:\/\/www.ilkaraupach.de\/wp\/wp-content\/uploads\/2020\/09\/Ilka_Raupach_was_vom_GRossen_uebrig_blieb_11-1024x836.jpg\" alt=\"\" class=\"wp-image-689\"\/><\/figure>\n\n\n\n<div style=\"height:20px\" aria-hidden=\"true\" class=\"wp-block-spacer\"><\/div>\n\n\n\n<figure class=\"wp-block-image size-large is-style-default\"><img decoding=\"async\" loading=\"lazy\" width=\"1024\" height=\"836\" src=\"http:\/\/www.ilkaraupach.de\/wp\/wp-content\/uploads\/2020\/09\/Ilka_Raupach_was_vom_Grossen_uebrig_blieb_10-1024x836.jpg\" alt=\"\" class=\"wp-image-241\"\/><\/figure>\n\n\n\n<div style=\"height:20px\" aria-hidden=\"true\" class=\"wp-block-spacer\"><\/div>\n\n\n\n<figure class=\"wp-block-image size-large is-style-default\"><img decoding=\"async\" loading=\"lazy\" width=\"1024\" height=\"836\" src=\"http:\/\/www.ilkaraupach.de\/wp\/wp-content\/uploads\/2020\/09\/Ilka_Raupach_was_vom_Grossen_uebrig_blieb_12-1-1024x836.jpg\" alt=\"\" class=\"wp-image-278\"\/><\/figure>\n\n\n\n<div style=\"height:20px\" aria-hidden=\"true\" class=\"wp-block-spacer\"><\/div>\n\n\n\n<figure class=\"wp-block-image size-large is-style-default\"><img decoding=\"async\" loading=\"lazy\" width=\"1024\" height=\"836\" src=\"http:\/\/www.ilkaraupach.de\/wp\/wp-content\/uploads\/2020\/09\/Ilka_Raupach_was_vom_grossen_uebrig_blieb_13-1-1024x836.jpg\" alt=\"\" class=\"wp-image-279\"\/><\/figure>\n\n\n\n<div style=\"height:20px\" aria-hidden=\"true\" class=\"wp-block-spacer\"><\/div>\n\n\n\n<figure class=\"wp-block-image size-large is-style-default\"><img decoding=\"async\" loading=\"lazy\" width=\"1024\" height=\"836\" src=\"http:\/\/www.ilkaraupach.de\/wp\/wp-content\/uploads\/2020\/09\/Ilka_Raupach_was_vom_Grossen_uebrig_blieb_14-1-1024x836.jpg\" alt=\"\" class=\"wp-image-280\"\/><\/figure>\n\n\n\n<div style=\"height:20px\" aria-hidden=\"true\" class=\"wp-block-spacer\"><\/div>\n\n\n\n<figure class=\"wp-block-image size-large is-style-default\"><img decoding=\"async\" loading=\"lazy\" width=\"1024\" height=\"836\" src=\"http:\/\/www.ilkaraupach.de\/wp\/wp-content\/uploads\/2022\/06\/Ilka_Raupach_Wanderlust_19-1024x836.jpg\" alt=\"\" class=\"wp-image-1587\" srcset=\"http:\/\/www.ilkaraupach.de\/wp\/wp-content\/uploads\/2022\/06\/Ilka_Raupach_Wanderlust_19-1024x836.jpg 1024w, http:\/\/www.ilkaraupach.de\/wp\/wp-content\/uploads\/2022\/06\/Ilka_Raupach_Wanderlust_19-300x245.jpg 300w, http:\/\/www.ilkaraupach.de\/wp\/wp-content\/uploads\/2022\/06\/Ilka_Raupach_Wanderlust_19-768x627.jpg 768w, http:\/\/www.ilkaraupach.de\/wp\/wp-content\/uploads\/2022\/06\/Ilka_Raupach_Wanderlust_19-16x12.jpg 16w, http:\/\/www.ilkaraupach.de\/wp\/wp-content\/uploads\/2022\/06\/Ilka_Raupach_Wanderlust_19.jpg 1200w\" sizes=\"(max-width: 767px) 89vw, (max-width: 1000px) 54vw, (max-width: 1071px) 543px, 580px\" \/><\/figure>\n\n\n\n<div style=\"height:20px\" aria-hidden=\"true\" class=\"wp-block-spacer\"><\/div>\n\n\n\n<figure class=\"wp-block-image size-large is-style-default\"><img decoding=\"async\" loading=\"lazy\" width=\"1024\" height=\"836\" src=\"http:\/\/www.ilkaraupach.de\/wp\/wp-content\/uploads\/2022\/06\/Ilka_Raupach_Wanderlust_20-1024x836.jpg\" alt=\"\" class=\"wp-image-1588\" srcset=\"http:\/\/www.ilkaraupach.de\/wp\/wp-content\/uploads\/2022\/06\/Ilka_Raupach_Wanderlust_20-1024x836.jpg 1024w, http:\/\/www.ilkaraupach.de\/wp\/wp-content\/uploads\/2022\/06\/Ilka_Raupach_Wanderlust_20-300x245.jpg 300w, http:\/\/www.ilkaraupach.de\/wp\/wp-content\/uploads\/2022\/06\/Ilka_Raupach_Wanderlust_20-768x627.jpg 768w, http:\/\/www.ilkaraupach.de\/wp\/wp-content\/uploads\/2022\/06\/Ilka_Raupach_Wanderlust_20-16x12.jpg 16w, http:\/\/www.ilkaraupach.de\/wp\/wp-content\/uploads\/2022\/06\/Ilka_Raupach_Wanderlust_20.jpg 1200w\" sizes=\"(max-width: 767px) 89vw, (max-width: 1000px) 54vw, (max-width: 1071px) 543px, 580px\" \/><\/figure>\n\n\n\n<figure class=\"wp-block-table aligncenter\"><table><tbody><tr><td><br><br><br><a href=\"http:\/\/www.ilkaraupach.de\/en\/wp\/siedlung\/\">&lt;&lt;<\/a><a href=\"http:\/\/www.ilkaraupach.de\/en\/wp\/aufgebrochen\/\"><br><\/a><br><br><br><\/td><td class=\"has-text-align-center\" data-align=\"center\">  <a href=\"http:\/\/www.ilkaraupach.de\/en\/wp\/werke\/\">works<\/a>  <\/td><td><a href=\"http:\/\/www.ilkaraupach.de\/en\/wp\/ype\/\">&gt;&gt;<\/a><\/td><\/tr><\/tbody><\/table><\/figure>","protected":false},"excerpt":{"rendered":"<p>Wanderlust I-XX2020-2022, Collage, Seidenpapier, Tinte, Kleister, je 28 x 23 cm Schicht f\u00fcr Schichtentstehen bisher unbekannte Landschaften.Ich bin versunken in die Gr\u00fcnde und Oberfl\u00e4chenund was dazwischen liegt.Ich wandere. &lt;&lt; Werke &gt;&gt;<\/p>","protected":false},"author":1,"featured_media":0,"parent":0,"menu_order":0,"comment_status":"closed","ping_status":"closed","template":"","meta":[],"_links":{"self":[{"href":"http:\/\/www.ilkaraupach.de\/en\/wp-json\/wp\/v2\/pages\/379"}],"collection":[{"href":"http:\/\/www.ilkaraupach.de\/en\/wp-json\/wp\/v2\/pages"}],"about":[{"href":"http:\/\/www.ilkaraupach.de\/en\/wp-json\/wp\/v2\/types\/page"}],"author":[{"embeddable":true,"href":"http:\/\/www.ilkaraupach.de\/en\/wp-json\/wp\/v2\/users\/1"}],"replies":[{"embeddable":true,"href":"http:\/\/www.ilkaraupach.de\/en\/wp-json\/wp\/v2\/comments?post=379"}],"version-history":[{"count":18,"href":"http:\/\/www.ilkaraupach.de\/en\/wp-json\/wp\/v2\/pages\/379\/revisions"}],"predecessor-version":[{"id":1790,"href":"http:\/\/www.ilkaraupach.de\/en\/wp-json\/wp\/v2\/pages\/379\/revisions\/1790"}],"wp:attachment":[{"href":"http:\/\/www.ilkaraupach.de\/en\/wp-json\/wp\/v2\/media?parent=379"}],"curies":[{"name":"wp","href":"https:\/\/api.w.org\/{rel}","templated":true}]}}