{"id":12,"date":"2019-02-19T14:41:15","date_gmt":"2019-02-19T13:41:15","guid":{"rendered":"http:\/\/www.ilkaraupach.de\/wp\/?page_id=12"},"modified":"2025-12-27T18:00:01","modified_gmt":"2025-12-27T17:00:01","slug":"ueber-mich","status":"publish","type":"page","link":"http:\/\/www.ilkaraupach.de\/en\/ueber-mich\/","title":{"rendered":"about me"},"content":{"rendered":"<figure class=\"wp-block-image size-large\"><img decoding=\"async\" loading=\"lazy\" width=\"1024\" height=\"512\" src=\"http:\/\/www.ilkaraupach.de\/wp\/wp-content\/uploads\/2020\/09\/Ilka_Raupach_Portrait-1-1024x512.jpg\" alt=\"\" class=\"wp-image-153\"\/><\/figure>\n\n\n\n<p style=\"font-size:15px\" class=\" translation-block\">*1976 in Hennigsdorf, Germany <br>\nTraining as an ivory master carver in Michelstadt, Germany, in Uummannaq and Ilulissat, Greenland; <br>Studies in Fine Art and Sculpture, Burg Giebichenstein, College of Fine Art in Halle, Germany and Bergen Academy of Art and Design, Norway; 2009 -2019 Assistant Professor at the Institute of Architecture-related Art, Technical University Braunschweig, Germany; since 2023 Professor at Hochschule Wismar, University of Applied Sciences, Faculty of Architecture and Design, Germany.<br>\nI am thrilled by Nordic cultures and landscapes, the peculiarities of ice and snow and a specialist in dealing with these unusual, transient materials. Participation in numerous international projects and exhibitions: 2014 The Arctic Circle, Art and Science Expedition Svalbard; 2015 Artist in Residence, Acaia Institute, S\u00e3o Paulo, Brazil; 2022 LABVERDE Residence, Amazon, Brazil.<\/p>\n\n\n\n<p style=\"font-size:15px\"><a href=\"http:\/\/www.ilkaraupach.de\/wp\/wp-content\/uploads\/2025\/08\/Ilka-Raupach-CV-2025-PDF.pdf\" data-type=\"attachment\" data-id=\"2422\">Ilka Raupach CV 2025 PDF<\/a><\/p>\n\n\n\n<div style=\"height:20px\" aria-hidden=\"true\" class=\"wp-block-spacer\"><\/div>\n\n\n\n<figure class=\"wp-block-image size-large\"><img decoding=\"async\" loading=\"lazy\" width=\"1024\" height=\"512\" src=\"http:\/\/www.ilkaraupach.de\/wp\/wp-content\/uploads\/2020\/10\/Ilka_Raupach_Stroh.jpg\" alt=\"\" class=\"wp-image-1109\" srcset=\"http:\/\/www.ilkaraupach.de\/wp\/wp-content\/uploads\/2020\/10\/Ilka_Raupach_Stroh.jpg 1024w, http:\/\/www.ilkaraupach.de\/wp\/wp-content\/uploads\/2020\/10\/Ilka_Raupach_Stroh-300x150.jpg 300w, http:\/\/www.ilkaraupach.de\/wp\/wp-content\/uploads\/2020\/10\/Ilka_Raupach_Stroh-768x384.jpg 768w\" sizes=\"(max-width: 767px) 89vw, (max-width: 1000px) 54vw, (max-width: 1071px) 543px, 580px\" \/><\/figure>\n\n\n\n<p style=\"font-size:15px\"><a href=\"http:\/\/www.ilkaraupach.de\/wp\/wp-content\/uploads\/2025\/12\/Ilka_Raupach_Wundergarten.pdf\">WUNDERGARTEN &#8211; Ilka Raupach, Kulturschule Schielo 2025 PDF<br><\/a><a href=\"http:\/\/www.ilkaraupach.de\/wp\/wp-content\/uploads\/2025\/04\/Ilka_Raupach_VARANDRA.pdf\">VARANDRA, Kiruna Snow Festival 2025 PDF<\/a><br><a href=\"http:\/\/www.ilkaraupach.de\/wp\/wp-content\/uploads\/2023\/06\/Ilka_Raupach_JARDIM.pdf\">JARDIM &#8211; Ilka Raupach, Kunstgalerie Altes Rathaus F\u00fcrstenwalde 2023 PDF<br><\/a><a href=\"http:\/\/www.ilkaraupach.de\/wp\/wp-content\/uploads\/2023\/05\/labverde_2022.pdf\">LABVERDE 2022, Manaus, Amazonas 2022 PDF<br><\/a><a href=\"http:\/\/www.ilkaraupach.de\/wp\/wp-content\/uploads\/2022\/12\/Ilka_Raupach_BALANCE.pdf\">BALANCE &#8211; Ilka Raupach, Caputh 2022 PDF<br><\/a><a href=\"http:\/\/www.ilkaraupach.de\/wp\/wp-content\/uploads\/2021\/08\/Ilka_Raupach_LAOKOONS_LOCKE.pdf\">LAOKOONS LOCKE &#8211; Ilka Raupach, Gustav Seitz Museum Trebnitz 2021 PDF<\/a><br><a href=\"http:\/\/www.ilkaraupach.de\/wp\/wp-content\/uploads\/2021\/09\/Ilka_Raupach_Lichtung.pdf\">LICHTUNG &#8211; Ilka Raupach, SchlossGalerie Haape 2021 PDF<br><\/a><a rel=\"noreferrer noopener\" href=\"http:\/\/www.ilkaraupach.de\/wp\/wp-content\/uploads\/2020\/09\/Ilka_Raupach_AMANTIKIR.pdf\" target=\"_blank\">Amantikir \u2013 Ilka Raupach, Kunstverein L\u00fcneburg 2020 PDF<br><\/a><a rel=\"noreferrer noopener\" href=\"http:\/\/www.ilkaraupach.de\/wp\/wp-content\/uploads\/2020\/09\/Ilka_Raupach_amantikir_klein.pdf\" target=\"_blank\">AMANTIKIR \u2013 Ilka Raupach, 2019 PDF<br><\/a><a rel=\"noreferrer noopener\" href=\"http:\/\/www.ilkaraupach.de\/wp\/wp-content\/uploads\/2020\/09\/Ilka_Raupach_NIX.pdf\" target=\"_blank\">NIX, Vinje sn\u00f8forming 2019 PDF<\/a><br><a rel=\"noreferrer noopener\" href=\"http:\/\/www.ilkaraupach.de\/wp\/wp-content\/uploads\/2020\/09\/Ilka_Raupach_OPEN_HOUSE.pdf\" target=\"_blank\">OPEN HOUSE, Caputh 2017 PDF<br><\/a><a rel=\"noreferrer noopener\" href=\"http:\/\/www.ilkaraupach.de\/wp\/wp-content\/uploads\/2020\/09\/Ilka_Raupach_WegZeichen.pdf\" target=\"_blank\">WegZeichen, Rhoden-Diemelstadt 2016 PDF<\/a><br><a rel=\"noreferrer noopener\" href=\"http:\/\/www.ilkaraupach.de\/wp\/wp-content\/uploads\/2020\/09\/Ilka_Raupach_tilbake.pdf\" target=\"_blank\">tilbake \u2013 Ilka Raupach, Galleri Svalbard Longyearbyen 2015 PDF<\/a><\/p>","protected":false},"excerpt":{"rendered":"<p>*1976 in Hennigsdorf Ausbildung zur Elfenbeinschnitzerin und Meisterin in Michelstadt sowie Uummannaq und Ilulissat, Gr\u00f6nland; Studium Kunst\/Freie Bildhauerei an der Burg Giebichenstein Kunsthochschule Halle und an der Kunstakademie in Bergen\/Norwegen; 2009-2019 k\u00fcnstl.\/wiss. Mitarbeiterin am Institut f\u00fcr Architekturbezogene Kunst der TU Braunschweig; seit 2023 Professorin f\u00fcr K\u00fcnstlerisches Gestalten in der Innenarchitektur, Fakult\u00e4t Gestaltung, Hochschule Wismar.Immer wieder &hellip; <\/p>\n<p class=\"link-more\"><a href=\"http:\/\/www.ilkaraupach.de\/en\/ueber-mich\/\" class=\"more-link\">Continue reading<span class=\"screen-reader-text\"> &#8222;\u00dcber mich&#8220;<\/span><\/a><\/p>","protected":false},"author":1,"featured_media":0,"parent":0,"menu_order":0,"comment_status":"closed","ping_status":"closed","template":"","meta":[],"_links":{"self":[{"href":"http:\/\/www.ilkaraupach.de\/en\/wp-json\/wp\/v2\/pages\/12"}],"collection":[{"href":"http:\/\/www.ilkaraupach.de\/en\/wp-json\/wp\/v2\/pages"}],"about":[{"href":"http:\/\/www.ilkaraupach.de\/en\/wp-json\/wp\/v2\/types\/page"}],"author":[{"embeddable":true,"href":"http:\/\/www.ilkaraupach.de\/en\/wp-json\/wp\/v2\/users\/1"}],"replies":[{"embeddable":true,"href":"http:\/\/www.ilkaraupach.de\/en\/wp-json\/wp\/v2\/comments?post=12"}],"version-history":[{"count":269,"href":"http:\/\/www.ilkaraupach.de\/en\/wp-json\/wp\/v2\/pages\/12\/revisions"}],"predecessor-version":[{"id":2457,"href":"http:\/\/www.ilkaraupach.de\/en\/wp-json\/wp\/v2\/pages\/12\/revisions\/2457"}],"wp:attachment":[{"href":"http:\/\/www.ilkaraupach.de\/en\/wp-json\/wp\/v2\/media?parent=12"}],"curies":[{"name":"wp","href":"https:\/\/api.w.org\/{rel}","templated":true}]}}