{"id":1028,"date":"2020-10-02T09:46:20","date_gmt":"2020-10-02T07:46:20","guid":{"rendered":"http:\/\/www.ilkaraupach.de\/wp\/?page_id=1028"},"modified":"2021-03-15T18:19:02","modified_gmt":"2021-03-15T17:19:02","slug":"schneetreiben","status":"publish","type":"page","link":"http:\/\/www.ilkaraupach.de\/en\/schneetreiben\/","title":{"rendered":"Snow flurries"},"content":{"rendered":"<p><\/p>\n\n\n\n<figure class=\"wp-block-embed-vimeo wp-block-embed is-type-video is-provider-vimeo wp-embed-aspect-4-3 wp-has-aspect-ratio\"><div class=\"wp-block-embed__wrapper\">\n<iframe loading=\"lazy\" title=\"Schneetreiben\" src=\"https:\/\/player.vimeo.com\/video\/147376736?dnt=1&amp;app_id=122963\" width=\"525\" height=\"394\" frameborder=\"0\" allow=\"autoplay; fullscreen\" allowfullscreen><\/iframe>\n<\/div><\/figure>\n\n\n\n<p style=\"font-size:15px\"><em>Snow flurries<\/em><br>2005, performance, short movie 122 s<br><br>Coming from nowhere, I make my way through the landscape. I stuff the snow at my feet into my mouth, absorb it and leave a trail behind me in the white. But it does not remain visible for long, because the abundance of the falling snow and the wind soon cover it up, so that it disappears, loses itself again in the distance. I ceaselessly continue to eat, amusedly take notice of what I do and what I am and then disappear back into nowhere.<\/p>\n\n\n\n<div style=\"height:20px\" aria-hidden=\"true\" class=\"wp-block-spacer\"><\/div>\n\n\n\n<figure class=\"wp-block-embed-vimeo wp-block-embed is-type-video is-provider-vimeo wp-embed-aspect-16-9 wp-has-aspect-ratio\"><div class=\"wp-block-embed__wrapper\">\n<iframe loading=\"lazy\" title=\"whaleroses\" src=\"https:\/\/player.vimeo.com\/video\/150021917?dnt=1&amp;app_id=122963\" width=\"525\" height=\"295\" frameborder=\"0\" allow=\"autoplay; fullscreen\" allowfullscreen><\/iframe>\n<\/div><\/figure>\n\n\n\n<p style=\"font-size:15px\"><em>whaleroses<\/em><br>2014, Signehamna, Svalbard, performance, short movie 192 s<br><br>\u201cWalruses are a little bit like us, the humans.\u201c Theres Arulf<br>Or are we like them? Close together we inhabit the ship Antigua, eating, sleeping, dancing, making artworks, discussing, looking into the wide landscape ... we are all doing just ne, an amusing, harmonic togetherness. But soon, we must break up, going far apart, in all directions, each on his own way.<\/p>\n\n\n\n<div style=\"height:20px\" aria-hidden=\"true\" class=\"wp-block-spacer\"><\/div>\n\n\n\n<figure class=\"wp-block-embed-vimeo wp-block-embed is-type-video is-provider-vimeo wp-embed-aspect-16-9 wp-has-aspect-ratio\"><div class=\"wp-block-embed__wrapper\">\n<iframe loading=\"lazy\" title=\"ISHAV\" src=\"https:\/\/player.vimeo.com\/video\/150023056?dnt=1&amp;app_id=122963\" width=\"525\" height=\"295\" frameborder=\"0\" allow=\"autoplay; fullscreen\" allowfullscreen><\/iframe>\n<\/div><\/figure>\n\n\n\n<p style=\"font-size:15px\"><em>ishav<\/em><br>2014, Svalbard, short movie 41 s<\/p>\n\n\n\n<figure class=\"wp-block-table aligncenter\"><table><tbody><tr><td><br><br><br><a href=\"http:\/\/www.ilkaraupach.de\/en\/wp\/ich-bin-es-nicht-ich-bins\/\">&lt;&lt;<\/a><br><br><br><br><\/td><td class=\"has-text-align-center\" data-align=\"center\">       <a href=\"http:\/\/www.ilkaraupach.de\/en\/wp\/werke\/\">works <\/a>      <\/td><td><a href=\"http:\/\/www.ilkaraupach.de\/en\/wp\/aufgebrochen\/\">&gt;&gt;<\/a><\/td><\/tr><\/tbody><\/table><\/figure>","protected":false},"excerpt":{"rendered":"<p>schneetreiben2005, Performance, Kurzfilm 122 s Aus dem Nirgendwo kommend bahne ich mir einen Weg durch die Landschaft. Den zu meinen F\u00fc\u00dfen liegenden Schnee stopf ich in meinen Mund, nehme ihn in mich auf und hinterlasse hinter mir eine Spur im Wei\u00df. Doch sie bleibt nicht mehr lange sichtbar, denn die F\u00fclle des herabfallenden Schnees und &hellip; <\/p>\n<p class=\"link-more\"><a href=\"http:\/\/www.ilkaraupach.de\/en\/schneetreiben\/\" class=\"more-link\">Continue reading<span class=\"screen-reader-text\"> &#8222;schneetreiben&#8220;<\/span><\/a><\/p>","protected":false},"author":1,"featured_media":0,"parent":0,"menu_order":0,"comment_status":"closed","ping_status":"closed","template":"","meta":[],"_links":{"self":[{"href":"http:\/\/www.ilkaraupach.de\/en\/wp-json\/wp\/v2\/pages\/1028"}],"collection":[{"href":"http:\/\/www.ilkaraupach.de\/en\/wp-json\/wp\/v2\/pages"}],"about":[{"href":"http:\/\/www.ilkaraupach.de\/en\/wp-json\/wp\/v2\/types\/page"}],"author":[{"embeddable":true,"href":"http:\/\/www.ilkaraupach.de\/en\/wp-json\/wp\/v2\/users\/1"}],"replies":[{"embeddable":true,"href":"http:\/\/www.ilkaraupach.de\/en\/wp-json\/wp\/v2\/comments?post=1028"}],"version-history":[{"count":12,"href":"http:\/\/www.ilkaraupach.de\/en\/wp-json\/wp\/v2\/pages\/1028\/revisions"}],"predecessor-version":[{"id":1384,"href":"http:\/\/www.ilkaraupach.de\/en\/wp-json\/wp\/v2\/pages\/1028\/revisions\/1384"}],"wp:attachment":[{"href":"http:\/\/www.ilkaraupach.de\/en\/wp-json\/wp\/v2\/media?parent=1028"}],"curies":[{"name":"wp","href":"https:\/\/api.w.org\/{rel}","templated":true}]}}